{"id":990869,"date":"2024-05-28T10:41:48","date_gmt":"2024-05-28T08:41:48","guid":{"rendered":"https:\/\/bodegaspenafiel.baianai.es\/privacy-policy\/"},"modified":"2025-02-18T07:40:07","modified_gmt":"2025-02-18T06:40:07","slug":"privacy-policy","status":"publish","type":"page","link":"https:\/\/www.bodegaspenafiel.com\/en\/privacy-policy\/","title":{"rendered":"Privacy Policy"},"content":{"rendered":"\t\t<div data-elementor-type=\"wp-page\" data-elementor-id=\"990869\" class=\"elementor elementor-990869 elementor-988194\" data-elementor-post-type=\"page\">\n\t\t\t\t\t\t<section class=\"elementor-section elementor-top-section elementor-element elementor-element-f3c8fd5 elementor-section-height-min-height elementor-section-content-bottom elementor-section-full_width elementor-hidden-tablet elementor-hidden-mobile elementor-section-stretched elementor-section-height-default elementor-section-items-middle\" data-id=\"f3c8fd5\" data-element_type=\"section\" data-e-type=\"section\" data-settings=\"{&quot;background_background&quot;:&quot;classic&quot;,&quot;stretch_section&quot;:&quot;section-stretched&quot;}\">\n\t\t\t\t\t\t\t<div class=\"elementor-background-overlay\"><\/div>\n\t\t\t\t\t\t\t<div class=\"elementor-container elementor-column-gap-default\">\n\t\t\t\t\t<div class=\"elementor-column elementor-col-100 elementor-top-column elementor-element elementor-element-14165bf\" data-id=\"14165bf\" data-element_type=\"column\" data-e-type=\"column\">\n\t\t\t<div class=\"elementor-widget-wrap\">\n\t\t\t\t\t\t\t<\/div>\n\t\t<\/div>\n\t\t\t\t\t<\/div>\n\t\t<\/section>\n\t\t<div class=\"elementor-element elementor-element-de4f862 e-flex e-con-boxed e-con e-parent\" data-id=\"de4f862\" data-element_type=\"container\" data-e-type=\"container\">\n\t\t\t\t\t<div class=\"e-con-inner\">\n\t\t<div class=\"elementor-element elementor-element-52c429b e-con-full elementor-hidden-mobile e-flex e-con e-child\" data-id=\"52c429b\" data-element_type=\"container\" data-e-type=\"container\">\n\t\t\t\t<\/div>\n\t\t<div class=\"elementor-element elementor-element-777c43f e-con-full e-flex e-con e-child\" data-id=\"777c43f\" data-element_type=\"container\" data-e-type=\"container\">\n\t\t\t\t<div class=\"elementor-element elementor-element-560f91b elementor-headline--style-blurred_letters animated-slow elementor-invisible elementor-widget elementor-widget-vamtam-animated-headline\" data-id=\"560f91b\" data-element_type=\"widget\" data-e-type=\"widget\" data-settings=\"{&quot;headline_style&quot;:&quot;blurred_letters&quot;,&quot;vamtam_text&quot;:&quot;Pol\\u00edtica de Privacidad&quot;,&quot;_animation&quot;:&quot;fadeInUp&quot;}\" data-widget_type=\"vamtam-animated-headline.default\">\n\t\t\t\t<div class=\"elementor-widget-container\">\n\t\t\t\t\t\t\t\t\t<h1 class=\"elementor-headline\">\n\t\t\t\t\t\t\t\t\t\t\t\t\t\t\t\t\t\t\t\t\t\t\t\t<span class=\"vamtam-word\">\t\t\t\t\t\t\t\t\t\t\t\t\t\t\t<span class=\"vamtam-letter\">P<\/span>\n\t\t\t\t\t\t\t\t\t\t\t\t\t\t\t\t\t\t\t\t\t\t\t\t\t\t\t\t\t\t\t\t\t\t\t<span class=\"vamtam-letter\">o<\/span>\n\t\t\t\t\t\t\t\t\t\t\t\t\t\t\t\t\t\t\t\t\t\t\t\t\t\t\t\t\t\t\t\t\t\t\t<span class=\"vamtam-letter\">l<\/span>\n\t\t\t\t\t\t\t\t\t\t\t\t\t\t\t\t\t\t\t\t\t\t\t\t\t\t\t\t\t\t\t\t\t\t\t<span class=\"vamtam-letter\">\u00ed<\/span>\n\t\t\t\t\t\t\t\t\t\t\t\t\t\t\t\t\t\t\t\t\t\t\t\t\t\t\t\t\t\t\t\t\t\t\t<span class=\"vamtam-letter\">t<\/span>\n\t\t\t\t\t\t\t\t\t\t\t\t\t\t\t\t\t\t\t\t\t\t\t\t\t\t\t\t\t\t\t\t\t\t\t<span class=\"vamtam-letter\">i<\/span>\n\t\t\t\t\t\t\t\t\t\t\t\t\t\t\t\t\t\t\t\t\t\t\t\t\t\t\t\t\t\t\t\t\t\t\t<span class=\"vamtam-letter\">c<\/span>\n\t\t\t\t\t\t\t\t\t\t\t\t\t\t\t\t\t\t\t\t\t\t\t\t\t\t\t\t\t\t\t\t\t\t\t<span class=\"vamtam-letter\">a<\/span>\n\t\t\t\t\t\t\t\t\t\t\t\t\t\t\t\t\t\t\t\t<\/span> \t\t\t\t\t\t\t<span class=\"vamtam-word\">\t\t\t\t\t\t\t\t\t\t\t\t\t\t\t<span class=\"vamtam-letter\">d<\/span>\n\t\t\t\t\t\t\t\t\t\t\t\t\t\t\t\t\t\t\t\t\t\t\t\t\t\t\t\t\t\t\t\t\t\t\t<span class=\"vamtam-letter\">e<\/span>\n\t\t\t\t\t\t\t\t\t\t\t\t\t\t\t\t\t\t\t\t<\/span> \t\t\t\t\t\t\t<span class=\"vamtam-word\">\t\t\t\t\t\t\t\t\t\t\t\t\t\t\t<span class=\"vamtam-letter\">P<\/span>\n\t\t\t\t\t\t\t\t\t\t\t\t\t\t\t\t\t\t\t\t\t\t\t\t\t\t\t\t\t\t\t\t\t\t\t<span class=\"vamtam-letter\">r<\/span>\n\t\t\t\t\t\t\t\t\t\t\t\t\t\t\t\t\t\t\t\t\t\t\t\t\t\t\t\t\t\t\t\t\t\t\t<span class=\"vamtam-letter\">i<\/span>\n\t\t\t\t\t\t\t\t\t\t\t\t\t\t\t\t\t\t\t\t\t\t\t\t\t\t\t\t\t\t\t\t\t\t\t<span class=\"vamtam-letter\">v<\/span>\n\t\t\t\t\t\t\t\t\t\t\t\t\t\t\t\t\t\t\t\t\t\t\t\t\t\t\t\t\t\t\t\t\t\t\t<span class=\"vamtam-letter\">a<\/span>\n\t\t\t\t\t\t\t\t\t\t\t\t\t\t\t\t\t\t\t\t\t\t\t\t\t\t\t\t\t\t\t\t\t\t\t<span class=\"vamtam-letter\">c<\/span>\n\t\t\t\t\t\t\t\t\t\t\t\t\t\t\t\t\t\t\t\t\t\t\t\t\t\t\t\t\t\t\t\t\t\t\t<span class=\"vamtam-letter\">i<\/span>\n\t\t\t\t\t\t\t\t\t\t\t\t\t\t\t\t\t\t\t\t\t\t\t\t\t\t\t\t\t\t\t\t\t\t\t<span class=\"vamtam-letter\">d<\/span>\n\t\t\t\t\t\t\t\t\t\t\t\t\t\t\t\t\t\t\t\t\t\t\t\t\t\t\t\t\t\t\t\t\t\t\t<span class=\"vamtam-letter\">a<\/span>\n\t\t\t\t\t\t\t\t\t\t\t\t\t\t\t\t\t\t\t\t\t\t\t\t\t\t\t\t\t\t\t\t\t\t\t<span class=\"vamtam-letter\">d<\/span>\n\t\t\t\t\t\t\t\t\t\t\t\t\t\t\t\t\t\t\t<\/span>\t\t\t\t\t\t\t\t\t<\/h1>\n\t\t\t\t\t\t\t\t<\/div>\n\t\t\t\t<\/div>\n\t\t\t\t<div class=\"elementor-element elementor-element-c16ba2d elementor-widget elementor-widget-text-editor\" data-id=\"c16ba2d\" data-element_type=\"widget\" data-e-type=\"widget\" data-widget_type=\"text-editor.default\">\n\t\t\t\t<div class=\"elementor-widget-container\">\n\t\t\t\t\t\t\t\t\t<h4><b>Legal regulations:<\/b><\/h4><p><span style=\"font-weight: 400;\">BODEGAS PE\u00d1AFIEL, S.L. with CIF B-47512199 is going to process your data in accordance with Regulation (EU) 2016\/679 of the European Parliament and of the Council of 27 April 2016 on the protection of natural persons with regard to the processing of personal data and on the free movement of such data; and with Organic Law 3\/2018 of 5 December on the Protection of Personal Data and guarantee of digital rights.<\/span><\/p><p><span style=\"font-weight: 400;\"> <\/span><\/p><h4><b>Responsible for the processing of your personal data:<\/b><\/h4><ul><li style=\"font-weight: 400;\" aria-level=\"1\"><span style=\"font-weight: 400;\">Trade Name: BODEGAS PE\u00d1AFIEL, S.L.<\/span><\/li><li style=\"font-weight: 400;\" aria-level=\"1\"><span style=\"font-weight: 400;\">NIF\/CIF: B-47512199<\/span><\/li><li style=\"font-weight: 400;\" aria-level=\"1\"><span style=\"font-weight: 400;\">Address: Ctra. Nacional 122 (Valladolid-Soria), km. 311. Pe\u00f1afiel \/ Valladolid (Spain). POSTAL CODE 47300   <\/span><\/li><li style=\"font-weight: 400;\" aria-level=\"1\"><span style=\"font-weight: 400;\">E-mail: <\/span><a href=\"mailto:marketing@bodegaspenafiel.com\"><span style=\"font-weight: 400;\">marketing@bodegaspenafiel.com<\/span><\/a><span style=\"font-weight: 400;\"> <\/span><\/li><\/ul><h4><b> <\/b><\/h4><h4><b>Purpose for which personal data are processed:<\/b><\/h4><p><span style=\"font-weight: 400;\">In BODEGAS PE\u00d1AFIEL we use your personal data for different treatments, whose purposes are the following:<\/span><\/p><ol><li style=\"font-weight: 400;\" aria-level=\"1\"><span style=\"font-weight: 400;\">Manage and resolve inquiries and proposals of all kinds made by you.<\/span><\/li><li style=\"font-weight: 400;\" aria-level=\"1\"><span style=\"font-weight: 400;\">Manage visits to the facilities.<\/span><\/li><li style=\"font-weight: 400;\" aria-level=\"1\"><span style=\"font-weight: 400;\">The realization of budgets for the acquisition of our products and services.<\/span><\/li><li style=\"font-weight: 400;\" aria-level=\"1\"><span style=\"font-weight: 400;\">To manage the contracting for the acquisition of our products and services; as well as for the maintenance of commercial relations with our suppliers.<\/span><\/li><li style=\"font-weight: 400;\" aria-level=\"1\"><span style=\"font-weight: 400;\">Advertising and commercial purposes about the products and activities related to BODEGAS PE\u00d1AFIEL.<\/span><\/li><\/ol><h4><b> <\/b><\/h4><h4><b>Data being processed:<\/b><\/h4><p><span style=\"font-weight: 400;\">Grouped by treatment, the following data are processed:<\/span><\/p><ol><li style=\"font-weight: 400;\" aria-level=\"1\"><span style=\"font-weight: 400;\">For the management and resolution of the queries made by you, the information detailed below is processed, collected through the form in the &#8220;Contact&#8221; tab:<\/span><ul><li style=\"font-weight: 400;\" aria-level=\"2\"><span style=\"font-weight: 400;\">Identifying data.<\/span><\/li><li style=\"font-weight: 400;\" aria-level=\"2\"><span style=\"font-weight: 400;\">E-mail.<\/span><\/li><li style=\"font-weight: 400;\" aria-level=\"2\"><span style=\"font-weight: 400;\">Content of the message sent by you.<\/span><\/li><\/ul><\/li><li style=\"font-weight: 400;\" aria-level=\"1\"><span style=\"font-weight: 400;\">To control and keep track of the attendees to the different events organized by BODEGAS PE\u00d1AFIEL and to facilitate their attendance and information, the following data sent by you are processed:<\/span><ul><li style=\"font-weight: 400;\" aria-level=\"2\"><span style=\"font-weight: 400;\">Identifying data.<\/span><\/li><li style=\"font-weight: 400;\" aria-level=\"2\"><span style=\"font-weight: 400;\">Contact information.<\/span><\/li><\/ul><\/li><\/ol><ol><li style=\"font-weight: 400;\" aria-level=\"1\"><span style=\"font-weight: 400;\">The following information is used for the preparation of quotations:<\/span><ul><li style=\"font-weight: 400;\" aria-level=\"2\"><span style=\"font-weight: 400;\">Identifying data.<\/span><\/li><li style=\"font-weight: 400;\" aria-level=\"2\"><span style=\"font-weight: 400;\">Contact information.<\/span><\/li><\/ul><\/li><li style=\"font-weight: 400;\" aria-level=\"1\"><span style=\"font-weight: 400;\">With the purpose of contracting management for the acquisition of our products and services; as well as for the maintenance of commercial relations with our suppliers, it is collected through the different contracting forms:<\/span><ul><li style=\"font-weight: 400;\" aria-level=\"2\"><span style=\"font-weight: 400;\">Identifying data.<\/span><\/li><li style=\"font-weight: 400;\" aria-level=\"2\"><span style=\"font-weight: 400;\">Contact information.<\/span><\/li><li style=\"font-weight: 400;\" aria-level=\"2\"><span style=\"font-weight: 400;\">Bank details, if applicable, exclusively in the case of suppliers.<\/span><\/li><\/ul><\/li><li style=\"font-weight: 400;\" aria-level=\"1\"><span style=\"font-weight: 400;\">With the purpose of advertising and commercial information about the products and activities of BODEGAS PE\u00d1AFIEL, the information detailed below, collected through different forms, is processed:<\/span><ul><li style=\"font-weight: 400;\" aria-level=\"2\"><span style=\"font-weight: 400;\">Identifying data.<\/span><\/li><li style=\"font-weight: 400;\" aria-level=\"2\"><span style=\"font-weight: 400;\">Contact information.<\/span><\/li><\/ul><\/li><\/ol><h4><b> <\/b><\/h4><h4><b>Legitimation for data processing:<\/b><\/h4><p><span style=\"font-weight: 400;\">BODEGAS PE\u00d1AFIEL has identified the legal bases for the processing of your personal data. The legal bases for each treatment are detailed below: <\/span><\/p><ul><li style=\"font-weight: 400;\" aria-level=\"1\"><span style=\"font-weight: 400;\">Legitimation by consent of the interested party: 1 to 5.<\/span><\/li><li style=\"font-weight: 400;\" aria-level=\"1\"><span style=\"font-weight: 400;\">Legitimation by the contractual or pre-contractual relationship: 2, 3 and 4.<\/span><\/li><li style=\"font-weight: 400;\" aria-level=\"1\"><span style=\"font-weight: 400;\">Legitimation based on legitimate interest: 2, 3 and 4.<\/span><\/li><\/ul><h4><b> <\/b><\/h4><h4><b>Temporary limitation of the processing of your data:<\/b><\/h4><p><span style=\"font-weight: 400;\">Your personal data are going to be processed by BODEGAS PE\u00d1AFIEL for the shortest possible time to fulfill the purpose for which they were collected, in accordance with the data retention policy of the General Personal Data Protection Regulation 2016\/679 and the Organic Law 3\/2018 of December 5. Grouped by processing activity, the deadlines are as follows: <\/span><\/p><ol><li style=\"font-weight: 400;\" aria-level=\"1\"><span style=\"font-weight: 400;\">The information used for the management and resolution of the queries made by you, will be stored for the periods necessary for the management and resolution of the query and its subsequent follow-up.<\/span><\/li><li style=\"font-weight: 400;\" aria-level=\"1\"><span style=\"font-weight: 400;\">The data used to control and follow up the attendees to the different events organized by BODEGAS PE\u00d1AFIEL and to facilitate their attendance and information, will be stored for the periods necessary for the management of the event and its subsequent follow-up.<\/span><\/li><li style=\"font-weight: 400;\" aria-level=\"1\"><span style=\"font-weight: 400;\">Personal data used for the preparation of quotations will be stored for the period necessary for the preparation of the quotation.<\/span><\/li><li style=\"font-weight: 400;\" aria-level=\"1\"><span style=\"font-weight: 400;\">The information collected to manage the contracting for the acquisition of our products and services; as well as for the maintenance of the commercial relations with our suppliers, will be stored during the necessary terms for the management of the purchases of products and services; and their subsequent follow-up.<\/span><\/li><li style=\"font-weight: 400;\" aria-level=\"1\"><span style=\"font-weight: 400;\">The information collected for advertising and promotional purposes will be stored as long as the interested parties do not withdraw their consent.<\/span><\/li><\/ol><h4><b> <\/b><\/h4><h4><b>Recipients to whom your data is transferred:<\/b><\/h4><p><span style=\"font-weight: 400;\">In case 2, your data may be transferred to companies that, where appropriate, may manage for BODEGAS PE\u00d1AFIEL the services that have been contracted (exclusively for this purpose).<\/span><\/p><p><span style=\"font-weight: 400;\">In case 4, your data may be communicated to the transport companies that, if necessary, are required to deliver BODEGAS PE\u00d1AFIEL products.<\/span><\/p><p><span style=\"font-weight: 400;\">Unless required by law, we will not pass on your data to any other third party.<\/span><\/p><h4><b> <\/b><\/h4><h4><b>Data secrecy and security:<\/b><\/h4><p><span style=\"font-weight: 400;\">BODEGAS PE\u00d1AFIEL is committed to the correct use and treatment of the users&#8217; personal data, respecting their confidentiality and to use them in accordance with their purpose, as well as to comply with its obligation to keep them and to adopt all possible measures to avoid their alteration, loss, treatment or unauthorized access, in accordance with the provisions of the current data protection regulations.<\/span><\/p><p><span style=\"font-weight: 400;\">www.bodegaspenafiel.com cannot guarantee absolute security against data breaches through fraudulent access by third parties.<\/span><\/p><h4><b> <\/b><\/h4><h4><b>Rights in the processing of your data:<\/b><\/h4><p><span style=\"font-weight: 400;\">You have the right to obtain confirmation as to whether or not BODEGAS PE\u00d1AFIEL is processing personal data concerning you.<\/span><\/p><p><span style=\"font-weight: 400;\">You, as a data subject, have the right to access your personal data, as well as to request the rectification of inaccurate data or, where appropriate, to request its deletion when, among other reasons, the data is no longer necessary for the purposes for which it was collected.<\/span><\/p><p><span style=\"font-weight: 400;\">In certain circumstances, you may request the limitation of the processing of your data, in which case we will only keep them for the exercise or defense of claims.<\/span><\/p><p><span style=\"font-weight: 400;\">In certain circumstances and for reasons relating to your particular situation, you may object to the processing of your data. In this case, we will stop processing the data, except for unavoidable legitimate reasons, or for the exercise or defence of possible claims. <\/span><\/p><p><span style=\"font-weight: 400;\">You have the right to portability, i.e. to have your personal data transmitted directly to another controller in a structured, commonly used and machine-readable format, where technically possible.<\/span><\/p><p><span style=\"font-weight: 400;\">You can exercise your rights or make a complaint about how we have handled your personal data by sending an e-mail to<\/span> <a href=\"mailto:marketing@bodegaspenafiel.com\"> <span style=\"font-weight: 400;\">marketing@bodegaspenafiel.com<\/span> <\/a><span style=\"font-weight: 400;\"> <\/span><\/p><p><span style=\"font-weight: 400;\">If you still consider that your personal data have not been properly processed in accordance with the law, you may submit a complaint to the appropriate data protection authority, being the Spanish Data Protection Agency the one indicated in the case of Spanish territory.<\/span><\/p><p><span style=\"font-weight: 400;\"> <\/span><\/p><h4><b>Acceptance and consent:<\/b><\/h4><p><span style=\"font-weight: 400;\">You declare that you have been informed of the conditions on the protection of personal data, accepting and consenting to the processing of the same by www.bodegaspenafiel.com in the manner and for the purposes indicated in this privacy policy.<\/span><\/p><p><span style=\"font-weight: 400;\">BODEGAS PE\u00d1AFIEL reserves the right to modify this policy to adapt it to new legislation or jurisprudence, as well as to industry practices. In such cases, BODEGAS PE\u00d1AFIEL will announce on this page the changes introduced reasonably in advance of their implementation. <\/span><\/p>\t\t\t\t\t\t\t\t<\/div>\n\t\t\t\t<\/div>\n\t\t\t\t<\/div>\n\t\t<div class=\"elementor-element elementor-element-aaa59d1 e-con-full elementor-hidden-mobile e-flex e-con e-child\" data-id=\"aaa59d1\" data-element_type=\"container\" data-e-type=\"container\">\n\t\t\t\t<\/div>\n\t\t\t\t\t<\/div>\n\t\t\t\t<\/div>\n\t\t\t\t<\/div>\n\t\t","protected":false},"excerpt":{"rendered":"<p>P o l \u00ed t i c a d e P r i v a c i d a d Legal regulations: BODEGAS PE\u00d1AFIEL, S.L. with CIF B-47512199 is going to process your data in accordance with Regulation (EU) 2016\/679 of the European Parliament and of the Council of 27 April 2016 on the protection&#8230;<\/p>\n","protected":false},"author":1,"featured_media":0,"parent":0,"menu_order":0,"comment_status":"closed","ping_status":"closed","template":"","meta":{"footnotes":""},"class_list":["post-990869","page","type-page","status-publish","hentry"],"yoast_head":"<!-- This site is optimized with the Yoast SEO plugin v27.3 - https:\/\/yoast.com\/product\/yoast-seo-wordpress\/ -->\n<title>Privacy Policy - Bodegas Pe\u00f1afiel<\/title>\n<meta name=\"robots\" content=\"index, follow, max-snippet:-1, max-image-preview:large, max-video-preview:-1\" \/>\n<link rel=\"canonical\" href=\"https:\/\/www.bodegaspenafiel.com\/en\/privacy-policy\/\" \/>\n<meta property=\"og:locale\" content=\"en_US\" \/>\n<meta property=\"og:type\" content=\"article\" \/>\n<meta property=\"og:title\" content=\"Privacy Policy - Bodegas Pe\u00f1afiel\" \/>\n<meta property=\"og:description\" content=\"P o l \u00ed t i c a d e P r i v a c i d a d Legal regulations: BODEGAS PE\u00d1AFIEL, S.L. with CIF B-47512199 is going to process your data in accordance with Regulation (EU) 2016\/679 of the European Parliament and of the Council of 27 April 2016 on the protection...\" \/>\n<meta property=\"og:url\" content=\"https:\/\/www.bodegaspenafiel.com\/en\/privacy-policy\/\" \/>\n<meta property=\"og:site_name\" content=\"Bodegas Pe\u00f1afiel\" \/>\n<meta property=\"article:modified_time\" content=\"2025-02-18T06:40:07+00:00\" \/>\n<meta name=\"twitter:card\" content=\"summary_large_image\" \/>\n<meta name=\"twitter:label1\" content=\"Est. reading time\" \/>\n\t<meta name=\"twitter:data1\" content=\"6 minutes\" \/>\n<script type=\"application\/ld+json\" class=\"yoast-schema-graph\">{\"@context\":\"https:\\\/\\\/schema.org\",\"@graph\":[{\"@type\":\"WebPage\",\"@id\":\"https:\\\/\\\/www.bodegaspenafiel.com\\\/en\\\/privacy-policy\\\/\",\"url\":\"https:\\\/\\\/www.bodegaspenafiel.com\\\/en\\\/privacy-policy\\\/\",\"name\":\"Privacy Policy - Bodegas Pe\u00f1afiel\",\"isPartOf\":{\"@id\":\"https:\\\/\\\/www.bodegaspenafiel.com\\\/en\\\/#website\"},\"datePublished\":\"2024-05-28T08:41:48+00:00\",\"dateModified\":\"2025-02-18T06:40:07+00:00\",\"breadcrumb\":{\"@id\":\"https:\\\/\\\/www.bodegaspenafiel.com\\\/en\\\/privacy-policy\\\/#breadcrumb\"},\"inLanguage\":\"en-US\",\"potentialAction\":[{\"@type\":\"ReadAction\",\"target\":[\"https:\\\/\\\/www.bodegaspenafiel.com\\\/en\\\/privacy-policy\\\/\"]}]},{\"@type\":\"BreadcrumbList\",\"@id\":\"https:\\\/\\\/www.bodegaspenafiel.com\\\/en\\\/privacy-policy\\\/#breadcrumb\",\"itemListElement\":[{\"@type\":\"ListItem\",\"position\":1,\"name\":\"Home\",\"item\":\"https:\\\/\\\/www.bodegaspenafiel.com\\\/en\\\/\"},{\"@type\":\"ListItem\",\"position\":2,\"name\":\"Privacy Policy\"}]},{\"@type\":\"WebSite\",\"@id\":\"https:\\\/\\\/www.bodegaspenafiel.com\\\/en\\\/#website\",\"url\":\"https:\\\/\\\/www.bodegaspenafiel.com\\\/en\\\/\",\"name\":\"Bodegas Pe\u00f1afiel\",\"description\":\"Vinos Bodegas Pe\u00f1afiel\",\"publisher\":{\"@id\":\"https:\\\/\\\/www.bodegaspenafiel.com\\\/en\\\/#organization\"},\"potentialAction\":[{\"@type\":\"SearchAction\",\"target\":{\"@type\":\"EntryPoint\",\"urlTemplate\":\"https:\\\/\\\/www.bodegaspenafiel.com\\\/en\\\/?s={search_term_string}\"},\"query-input\":{\"@type\":\"PropertyValueSpecification\",\"valueRequired\":true,\"valueName\":\"search_term_string\"}}],\"inLanguage\":\"en-US\"},{\"@type\":\"Organization\",\"@id\":\"https:\\\/\\\/www.bodegaspenafiel.com\\\/en\\\/#organization\",\"name\":\"Bodegas Pe\u00f1afiel\",\"url\":\"https:\\\/\\\/www.bodegaspenafiel.com\\\/en\\\/\",\"logo\":{\"@type\":\"ImageObject\",\"inLanguage\":\"en-US\",\"@id\":\"https:\\\/\\\/www.bodegaspenafiel.com\\\/en\\\/#\\\/schema\\\/logo\\\/image\\\/\",\"url\":\"https:\\\/\\\/www.bodegaspenafiel.com\\\/wp-content\\\/uploads\\\/2020\\\/03\\\/LOGO-BODEGA-PNG-BLANCO-scaled.png\",\"contentUrl\":\"https:\\\/\\\/www.bodegaspenafiel.com\\\/wp-content\\\/uploads\\\/2020\\\/03\\\/LOGO-BODEGA-PNG-BLANCO-scaled.png\",\"width\":2560,\"height\":673,\"caption\":\"Bodegas Pe\u00f1afiel\"},\"image\":{\"@id\":\"https:\\\/\\\/www.bodegaspenafiel.com\\\/en\\\/#\\\/schema\\\/logo\\\/image\\\/\"}}]}<\/script>\n<!-- \/ Yoast SEO plugin. -->","yoast_head_json":{"title":"Privacy Policy - Bodegas Pe\u00f1afiel","robots":{"index":"index","follow":"follow","max-snippet":"max-snippet:-1","max-image-preview":"max-image-preview:large","max-video-preview":"max-video-preview:-1"},"canonical":"https:\/\/www.bodegaspenafiel.com\/en\/privacy-policy\/","og_locale":"en_US","og_type":"article","og_title":"Privacy Policy - Bodegas Pe\u00f1afiel","og_description":"P o l \u00ed t i c a d e P r i v a c i d a d Legal regulations: BODEGAS PE\u00d1AFIEL, S.L. with CIF B-47512199 is going to process your data in accordance with Regulation (EU) 2016\/679 of the European Parliament and of the Council of 27 April 2016 on the protection...","og_url":"https:\/\/www.bodegaspenafiel.com\/en\/privacy-policy\/","og_site_name":"Bodegas Pe\u00f1afiel","article_modified_time":"2025-02-18T06:40:07+00:00","twitter_card":"summary_large_image","twitter_misc":{"Est. reading time":"6 minutes"},"schema":{"@context":"https:\/\/schema.org","@graph":[{"@type":"WebPage","@id":"https:\/\/www.bodegaspenafiel.com\/en\/privacy-policy\/","url":"https:\/\/www.bodegaspenafiel.com\/en\/privacy-policy\/","name":"Privacy Policy - Bodegas Pe\u00f1afiel","isPartOf":{"@id":"https:\/\/www.bodegaspenafiel.com\/en\/#website"},"datePublished":"2024-05-28T08:41:48+00:00","dateModified":"2025-02-18T06:40:07+00:00","breadcrumb":{"@id":"https:\/\/www.bodegaspenafiel.com\/en\/privacy-policy\/#breadcrumb"},"inLanguage":"en-US","potentialAction":[{"@type":"ReadAction","target":["https:\/\/www.bodegaspenafiel.com\/en\/privacy-policy\/"]}]},{"@type":"BreadcrumbList","@id":"https:\/\/www.bodegaspenafiel.com\/en\/privacy-policy\/#breadcrumb","itemListElement":[{"@type":"ListItem","position":1,"name":"Home","item":"https:\/\/www.bodegaspenafiel.com\/en\/"},{"@type":"ListItem","position":2,"name":"Privacy Policy"}]},{"@type":"WebSite","@id":"https:\/\/www.bodegaspenafiel.com\/en\/#website","url":"https:\/\/www.bodegaspenafiel.com\/en\/","name":"Bodegas Pe\u00f1afiel","description":"Vinos Bodegas Pe\u00f1afiel","publisher":{"@id":"https:\/\/www.bodegaspenafiel.com\/en\/#organization"},"potentialAction":[{"@type":"SearchAction","target":{"@type":"EntryPoint","urlTemplate":"https:\/\/www.bodegaspenafiel.com\/en\/?s={search_term_string}"},"query-input":{"@type":"PropertyValueSpecification","valueRequired":true,"valueName":"search_term_string"}}],"inLanguage":"en-US"},{"@type":"Organization","@id":"https:\/\/www.bodegaspenafiel.com\/en\/#organization","name":"Bodegas Pe\u00f1afiel","url":"https:\/\/www.bodegaspenafiel.com\/en\/","logo":{"@type":"ImageObject","inLanguage":"en-US","@id":"https:\/\/www.bodegaspenafiel.com\/en\/#\/schema\/logo\/image\/","url":"https:\/\/www.bodegaspenafiel.com\/wp-content\/uploads\/2020\/03\/LOGO-BODEGA-PNG-BLANCO-scaled.png","contentUrl":"https:\/\/www.bodegaspenafiel.com\/wp-content\/uploads\/2020\/03\/LOGO-BODEGA-PNG-BLANCO-scaled.png","width":2560,"height":673,"caption":"Bodegas Pe\u00f1afiel"},"image":{"@id":"https:\/\/www.bodegaspenafiel.com\/en\/#\/schema\/logo\/image\/"}}]}},"_links":{"self":[{"href":"https:\/\/www.bodegaspenafiel.com\/en\/wp-json\/wp\/v2\/pages\/990869","targetHints":{"allow":["GET"]}}],"collection":[{"href":"https:\/\/www.bodegaspenafiel.com\/en\/wp-json\/wp\/v2\/pages"}],"about":[{"href":"https:\/\/www.bodegaspenafiel.com\/en\/wp-json\/wp\/v2\/types\/page"}],"author":[{"embeddable":true,"href":"https:\/\/www.bodegaspenafiel.com\/en\/wp-json\/wp\/v2\/users\/1"}],"replies":[{"embeddable":true,"href":"https:\/\/www.bodegaspenafiel.com\/en\/wp-json\/wp\/v2\/comments?post=990869"}],"version-history":[{"count":1,"href":"https:\/\/www.bodegaspenafiel.com\/en\/wp-json\/wp\/v2\/pages\/990869\/revisions"}],"predecessor-version":[{"id":990870,"href":"https:\/\/www.bodegaspenafiel.com\/en\/wp-json\/wp\/v2\/pages\/990869\/revisions\/990870"}],"wp:attachment":[{"href":"https:\/\/www.bodegaspenafiel.com\/en\/wp-json\/wp\/v2\/media?parent=990869"}],"curies":[{"name":"wp","href":"https:\/\/api.w.org\/{rel}","templated":true}]}}